{"id":3477,"date":"2025-10-27T08:21:26","date_gmt":"2025-10-27T08:21:26","guid":{"rendered":"https:\/\/smtmach.com\/?post_type=product&#038;p=3477"},"modified":"2025-10-29T02:57:25","modified_gmt":"2025-10-29T02:57:25","slug":"power-head","status":"publish","type":"product","link":"https:\/\/smtmach.com\/fr\/produit\/power-head\/","title":{"rendered":"T\u00eate motrice"},"content":{"rendered":"<p>D\u00e9bit du moteur : 15-75 LPM<\/p>\n<p>Pression du moteur : 170 bar<\/p>\n<p>Vitesse de sortie : 28-175RPM<\/p>\n<p>Couple de sortie : 880 N.m.<\/p>\n<p>Longueur : 750 mm<\/p>\n<p>Largeur : 520 mm<\/p>\n<p>Hauteur : 320 mm<\/p>\n<p>Poids : 72 kg<\/p>","protected":false},"excerpt":{"rendered":"<p>La t\u00eate motrice de l'accessoire coulissant est une interface d'entra\u00eenement hydraulique install\u00e9e \u00e0 l'extr\u00e9mit\u00e9 de la fl\u00e8che de la chargeuse coulissante. Elle peut transf\u00e9rer la puissance du syst\u00e8me hydraulique de la chargeuse aux accessoires qui doivent tourner ou effectuer des actions sp\u00e9cifiques, leur permettant ainsi de fonctionner normalement.<\/p>","protected":false},"featured_media":3726,"comment_status":"open","ping_status":"closed","template":"","meta":{"_acf_changed":false},"product_brand":[],"product_cat":[35],"product_tag":[],"class_list":{"0":"post-3477","1":"product","2":"type-product","3":"status-publish","4":"has-post-thumbnail","6":"product_cat-skid-steer-loader-accessories","8":"first","9":"instock","10":"shipping-taxable","11":"product-type-simple"},"acf":[],"_links":{"self":[{"href":"https:\/\/smtmach.com\/fr\/wp-json\/wp\/v2\/product\/3477","targetHints":{"allow":["GET"]}}],"collection":[{"href":"https:\/\/smtmach.com\/fr\/wp-json\/wp\/v2\/product"}],"about":[{"href":"https:\/\/smtmach.com\/fr\/wp-json\/wp\/v2\/types\/product"}],"replies":[{"embeddable":true,"href":"https:\/\/smtmach.com\/fr\/wp-json\/wp\/v2\/comments?post=3477"}],"wp:featuredmedia":[{"embeddable":true,"href":"https:\/\/smtmach.com\/fr\/wp-json\/wp\/v2\/media\/3726"}],"wp:attachment":[{"href":"https:\/\/smtmach.com\/fr\/wp-json\/wp\/v2\/media?parent=3477"}],"wp:term":[{"taxonomy":"product_brand","embeddable":true,"href":"https:\/\/smtmach.com\/fr\/wp-json\/wp\/v2\/product_brand?post=3477"},{"taxonomy":"product_cat","embeddable":true,"href":"https:\/\/smtmach.com\/fr\/wp-json\/wp\/v2\/product_cat?post=3477"},{"taxonomy":"product_tag","embeddable":true,"href":"https:\/\/smtmach.com\/fr\/wp-json\/wp\/v2\/product_tag?post=3477"}],"curies":[{"name":"wp","href":"https:\/\/api.w.org\/{rel}","templated":true}]}}