{"id":3270,"date":"2025-10-25T07:18:34","date_gmt":"2025-10-25T07:18:34","guid":{"rendered":"https:\/\/smtmach.com\/?post_type=product&#038;p=3270"},"modified":"2025-10-25T07:35:52","modified_gmt":"2025-10-25T07:35:52","slug":"mixing-bucket","status":"publish","type":"product","link":"https:\/\/smtmach.com\/fr\/produit\/mixing-bucket\/","title":{"rendered":"Seau de m\u00e9lange"},"content":{"rendered":"<p>Dimensions globales de la cuve de m\u00e9lange avec la t\u00eate motrice : longueur 70CM,<br \/>\nlargeur 80CM, hauteur :120CM,<br \/>\nPoids : 96 kg<br \/>\nCapacit\u00e9 du r\u00e9servoir de m\u00e9lange : 160 litres<\/p>","protected":false},"excerpt":{"rendered":"<p>Le godet m\u00e9langeur de l'accessoire coulissant est un accessoire de m\u00e9lange et d'agitation sp\u00e9cialement con\u00e7u pour les chargeuses coulissantes et les chargeuses sur chenilles multifonctionnelles. Il est aliment\u00e9 par le syst\u00e8me hydraulique de la chargeuse et sert \u00e0 m\u00e9langer rapidement et efficacement divers mat\u00e9riaux.<\/p>","protected":false},"featured_media":3271,"comment_status":"open","ping_status":"closed","template":"","meta":{"_acf_changed":false},"product_brand":[],"product_cat":[35],"product_tag":[],"class_list":{"0":"post-3270","1":"product","2":"type-product","3":"status-publish","4":"has-post-thumbnail","6":"product_cat-skid-steer-loader-accessories","8":"first","9":"instock","10":"shipping-taxable","11":"product-type-simple"},"acf":[],"_links":{"self":[{"href":"https:\/\/smtmach.com\/fr\/wp-json\/wp\/v2\/product\/3270","targetHints":{"allow":["GET"]}}],"collection":[{"href":"https:\/\/smtmach.com\/fr\/wp-json\/wp\/v2\/product"}],"about":[{"href":"https:\/\/smtmach.com\/fr\/wp-json\/wp\/v2\/types\/product"}],"replies":[{"embeddable":true,"href":"https:\/\/smtmach.com\/fr\/wp-json\/wp\/v2\/comments?post=3270"}],"wp:featuredmedia":[{"embeddable":true,"href":"https:\/\/smtmach.com\/fr\/wp-json\/wp\/v2\/media\/3271"}],"wp:attachment":[{"href":"https:\/\/smtmach.com\/fr\/wp-json\/wp\/v2\/media?parent=3270"}],"wp:term":[{"taxonomy":"product_brand","embeddable":true,"href":"https:\/\/smtmach.com\/fr\/wp-json\/wp\/v2\/product_brand?post=3270"},{"taxonomy":"product_cat","embeddable":true,"href":"https:\/\/smtmach.com\/fr\/wp-json\/wp\/v2\/product_cat?post=3270"},{"taxonomy":"product_tag","embeddable":true,"href":"https:\/\/smtmach.com\/fr\/wp-json\/wp\/v2\/product_tag?post=3270"}],"curies":[{"name":"wp","href":"https:\/\/api.w.org\/{rel}","templated":true}]}}