{"id":3254,"date":"2025-10-25T06:47:53","date_gmt":"2025-10-25T06:47:53","guid":{"rendered":"https:\/\/smtmach.com\/?post_type=product&#038;p=3254"},"modified":"2025-10-25T06:48:50","modified_gmt":"2025-10-25T06:48:50","slug":"snow-shovel","status":"publish","type":"product","link":"https:\/\/smtmach.com\/fr\/produit\/snow-shovel\/","title":{"rendered":"Pelle \u00e0 neige"},"content":{"rendered":"<p>Taille de la pelle \u00e0 neige : 570*1100*400<\/p>\n<p>Poids : 150 kg<\/p>\n<p>Angle : 20 degr\u00e9s<\/p>","protected":false},"excerpt":{"rendered":"<p>La pelle \u00e0 neige coulissante, souvent appel\u00e9e simplement \"pelle coulissante\" ou \"pelle \u00e0 neige\", est un outil de d\u00e9neigement hivernal sp\u00e9cialement con\u00e7u pour les chargeuses compactes et les chargeuses multifonctionnelles sur chenilles. Il s'agit d'un outil efficace qui utilise la force de propulsion et la puissance de la fl\u00e8che d'une chargeuse pour repousser ou empiler de grandes surfaces de neige.<\/p>","protected":false},"featured_media":3255,"comment_status":"open","ping_status":"closed","template":"","meta":{"_acf_changed":false},"product_brand":[],"product_cat":[35],"product_tag":[],"class_list":{"0":"post-3254","1":"product","2":"type-product","3":"status-publish","4":"has-post-thumbnail","6":"product_cat-skid-steer-loader-accessories","8":"first","9":"instock","10":"shipping-taxable","11":"product-type-simple"},"acf":[],"_links":{"self":[{"href":"https:\/\/smtmach.com\/fr\/wp-json\/wp\/v2\/product\/3254","targetHints":{"allow":["GET"]}}],"collection":[{"href":"https:\/\/smtmach.com\/fr\/wp-json\/wp\/v2\/product"}],"about":[{"href":"https:\/\/smtmach.com\/fr\/wp-json\/wp\/v2\/types\/product"}],"replies":[{"embeddable":true,"href":"https:\/\/smtmach.com\/fr\/wp-json\/wp\/v2\/comments?post=3254"}],"wp:featuredmedia":[{"embeddable":true,"href":"https:\/\/smtmach.com\/fr\/wp-json\/wp\/v2\/media\/3255"}],"wp:attachment":[{"href":"https:\/\/smtmach.com\/fr\/wp-json\/wp\/v2\/media?parent=3254"}],"wp:term":[{"taxonomy":"product_brand","embeddable":true,"href":"https:\/\/smtmach.com\/fr\/wp-json\/wp\/v2\/product_brand?post=3254"},{"taxonomy":"product_cat","embeddable":true,"href":"https:\/\/smtmach.com\/fr\/wp-json\/wp\/v2\/product_cat?post=3254"},{"taxonomy":"product_tag","embeddable":true,"href":"https:\/\/smtmach.com\/fr\/wp-json\/wp\/v2\/product_tag?post=3254"}],"curies":[{"name":"wp","href":"https:\/\/api.w.org\/{rel}","templated":true}]}}