{"id":3246,"date":"2025-10-25T03:24:23","date_gmt":"2025-10-25T03:24:23","guid":{"rendered":"https:\/\/smtmach.com\/?post_type=product&#038;p=3246"},"modified":"2025-10-25T03:24:24","modified_gmt":"2025-10-25T03:24:24","slug":"tree-stump-grinding-machine","status":"publish","type":"product","link":"https:\/\/smtmach.com\/fr\/produit\/tree-stump-grinding-machine\/","title":{"rendered":"Machine \u00e0 broyer les souches d'arbres"},"content":{"rendered":"<p>Vitesse de rotation maximale : 770 tours par minute<br \/>\nCouple : 248 N<br \/>\nNombre de lames : 16<br \/>\nLongueur : 758 mm<br \/>\nLargeur : 618 mm<br \/>\nHauteur : 368 mm<br \/>\nPoids : 80,5 kg<\/p>","protected":false},"excerpt":{"rendered":"<p>La machine \u00e0 broyer les souches d'arbres \u00e0 attachement coulissant est un appareil puissant qui utilise une roue de coupe tournant \u00e0 grande vitesse, munie de lames en alliage dur, pour enlever les souches d'arbres en surface et sous terre en les \"broyant\"<\/p>","protected":false},"featured_media":3247,"comment_status":"open","ping_status":"closed","template":"","meta":{"_acf_changed":false},"product_brand":[],"product_cat":[35],"product_tag":[],"class_list":{"0":"post-3246","1":"product","2":"type-product","3":"status-publish","4":"has-post-thumbnail","6":"product_cat-skid-steer-loader-accessories","8":"first","9":"instock","10":"shipping-taxable","11":"product-type-simple"},"acf":[],"_links":{"self":[{"href":"https:\/\/smtmach.com\/fr\/wp-json\/wp\/v2\/product\/3246","targetHints":{"allow":["GET"]}}],"collection":[{"href":"https:\/\/smtmach.com\/fr\/wp-json\/wp\/v2\/product"}],"about":[{"href":"https:\/\/smtmach.com\/fr\/wp-json\/wp\/v2\/types\/product"}],"replies":[{"embeddable":true,"href":"https:\/\/smtmach.com\/fr\/wp-json\/wp\/v2\/comments?post=3246"}],"wp:featuredmedia":[{"embeddable":true,"href":"https:\/\/smtmach.com\/fr\/wp-json\/wp\/v2\/media\/3247"}],"wp:attachment":[{"href":"https:\/\/smtmach.com\/fr\/wp-json\/wp\/v2\/media?parent=3246"}],"wp:term":[{"taxonomy":"product_brand","embeddable":true,"href":"https:\/\/smtmach.com\/fr\/wp-json\/wp\/v2\/product_brand?post=3246"},{"taxonomy":"product_cat","embeddable":true,"href":"https:\/\/smtmach.com\/fr\/wp-json\/wp\/v2\/product_cat?post=3246"},{"taxonomy":"product_tag","embeddable":true,"href":"https:\/\/smtmach.com\/fr\/wp-json\/wp\/v2\/product_tag?post=3246"}],"curies":[{"name":"wp","href":"https:\/\/api.w.org\/{rel}","templated":true}]}}