{"id":2823,"date":"2025-10-22T04:11:18","date_gmt":"2025-10-22T04:11:18","guid":{"rendered":"https:\/\/smtmach.com\/?post_type=product&#038;p=2823"},"modified":"2025-10-25T02:44:21","modified_gmt":"2025-10-25T02:44:21","slug":"lawn-mower-head","status":"publish","type":"product","link":"https:\/\/smtmach.com\/fr\/produit\/lawn-mower-head\/","title":{"rendered":"T\u00eate de tondeuse \u00e0 gazon"},"content":{"rendered":"<p>&nbsp;<\/p>\n<p>&nbsp;<\/p>\n<p>La t\u00eate de tondeuse de la chargeuse compacte est un accessoire sp\u00e9cial install\u00e9 \u00e0 l'extr\u00e9mit\u00e9 de la fl\u00e8che de la chargeuse compacte, utilis\u00e9 pour \u00e9liminer efficacement et largement les mauvaises herbes, les arbustes et l'herbe haute.<\/p>","protected":false},"excerpt":{"rendered":"<p>Vitesse de rotation maximale : 2000 tours par minute<br \/>\nLargeur de travail : 1000mm<br \/>\nHauteur de coupe minimale : 20 mm<br \/>\nSp\u00e9cification : 900*1120*450mm<br \/>\nPoids : 80 kg<\/p>","protected":false},"featured_media":3241,"comment_status":"open","ping_status":"closed","template":"","meta":{"_acf_changed":false},"product_brand":[],"product_cat":[35],"product_tag":[],"class_list":{"0":"post-2823","1":"product","2":"type-product","3":"status-publish","4":"has-post-thumbnail","6":"product_cat-skid-steer-loader-accessories","8":"first","9":"instock","10":"shipping-taxable","11":"product-type-simple"},"acf":[],"_links":{"self":[{"href":"https:\/\/smtmach.com\/fr\/wp-json\/wp\/v2\/product\/2823","targetHints":{"allow":["GET"]}}],"collection":[{"href":"https:\/\/smtmach.com\/fr\/wp-json\/wp\/v2\/product"}],"about":[{"href":"https:\/\/smtmach.com\/fr\/wp-json\/wp\/v2\/types\/product"}],"replies":[{"embeddable":true,"href":"https:\/\/smtmach.com\/fr\/wp-json\/wp\/v2\/comments?post=2823"}],"wp:featuredmedia":[{"embeddable":true,"href":"https:\/\/smtmach.com\/fr\/wp-json\/wp\/v2\/media\/3241"}],"wp:attachment":[{"href":"https:\/\/smtmach.com\/fr\/wp-json\/wp\/v2\/media?parent=2823"}],"wp:term":[{"taxonomy":"product_brand","embeddable":true,"href":"https:\/\/smtmach.com\/fr\/wp-json\/wp\/v2\/product_brand?post=2823"},{"taxonomy":"product_cat","embeddable":true,"href":"https:\/\/smtmach.com\/fr\/wp-json\/wp\/v2\/product_cat?post=2823"},{"taxonomy":"product_tag","embeddable":true,"href":"https:\/\/smtmach.com\/fr\/wp-json\/wp\/v2\/product_tag?post=2823"}],"curies":[{"name":"wp","href":"https:\/\/api.w.org\/{rel}","templated":true}]}}