{"id":2421,"date":"2025-10-11T07:25:18","date_gmt":"2025-10-11T07:25:18","guid":{"rendered":"https:\/\/smtmach.com\/?post_type=product&#038;p=2421"},"modified":"2025-10-18T06:48:34","modified_gmt":"2025-10-18T06:48:34","slug":"snow-planer","status":"publish","type":"product","link":"https:\/\/smtmach.com\/fr\/produit\/snow-planer\/","title":{"rendered":"Raboteuse \u00e0 neige"},"content":{"rendered":"<p>Largeur d'\u00e9vacuation de la neige : 1000 mm<br \/>\n\u00c9paisseur de l'\u00e9vacuation de la neige : 330 mm<br \/>\nLongueur : 826 mm<br \/>\nLargeur : 1018 mm<br \/>\nHauteur : 1200 mm<br \/>\nPoids : 130 kg<\/p>","protected":false},"excerpt":{"rendered":"<p>Lance-neige : temp\u00eate de froid extr\u00eame, d\u00e9blayez la neige comme si vous voliez : Donnez \u00e0 votre chargeuse compacte la puissance d'un brise-glace<\/p>","protected":false},"featured_media":2665,"comment_status":"open","ping_status":"closed","template":"","meta":{"_acf_changed":false},"product_brand":[],"product_cat":[35],"product_tag":[],"class_list":{"0":"post-2421","1":"product","2":"type-product","3":"status-publish","4":"has-post-thumbnail","6":"product_cat-skid-steer-loader-accessories","8":"first","9":"instock","10":"shipping-taxable","11":"product-type-simple"},"acf":[],"_links":{"self":[{"href":"https:\/\/smtmach.com\/fr\/wp-json\/wp\/v2\/product\/2421","targetHints":{"allow":["GET"]}}],"collection":[{"href":"https:\/\/smtmach.com\/fr\/wp-json\/wp\/v2\/product"}],"about":[{"href":"https:\/\/smtmach.com\/fr\/wp-json\/wp\/v2\/types\/product"}],"replies":[{"embeddable":true,"href":"https:\/\/smtmach.com\/fr\/wp-json\/wp\/v2\/comments?post=2421"}],"wp:featuredmedia":[{"embeddable":true,"href":"https:\/\/smtmach.com\/fr\/wp-json\/wp\/v2\/media\/2665"}],"wp:attachment":[{"href":"https:\/\/smtmach.com\/fr\/wp-json\/wp\/v2\/media?parent=2421"}],"wp:term":[{"taxonomy":"product_brand","embeddable":true,"href":"https:\/\/smtmach.com\/fr\/wp-json\/wp\/v2\/product_brand?post=2421"},{"taxonomy":"product_cat","embeddable":true,"href":"https:\/\/smtmach.com\/fr\/wp-json\/wp\/v2\/product_cat?post=2421"},{"taxonomy":"product_tag","embeddable":true,"href":"https:\/\/smtmach.com\/fr\/wp-json\/wp\/v2\/product_tag?post=2421"}],"curies":[{"name":"wp","href":"https:\/\/api.w.org\/{rel}","templated":true}]}}