{"id":2419,"date":"2025-10-11T07:02:37","date_gmt":"2025-10-11T07:02:37","guid":{"rendered":"https:\/\/smtmach.com\/?post_type=product&#038;p=2419"},"modified":"2025-10-18T06:52:14","modified_gmt":"2025-10-18T06:52:14","slug":"fork","status":"publish","type":"product","link":"https:\/\/smtmach.com\/fr\/produit\/fork\/","title":{"rendered":"Fourchette"},"content":{"rendered":"<p>Espacement des fourches : 840 mm<\/p>\n<p>Charge : 0,8 T<\/p>\n<p>Longueur effective : 915 mm<\/p>\n<p>Longueur : 1132 mm<\/p>\n<p>Largeur : 1080 mm<\/p>\n<p>Hauteur : 650 mm<\/p>\n<p>Poids : 117 kg<\/p>","protected":false},"excerpt":{"rendered":"<p>Les fourches se d\u00e9placent avec agilit\u00e9 et manipulent facilement les charges lourdes : Transformez votre chargeuse compacte en un chariot \u00e9l\u00e9vateur polyvalent.<\/p>","protected":false},"featured_media":2667,"comment_status":"open","ping_status":"closed","template":"","meta":{"_acf_changed":false},"product_brand":[],"product_cat":[35],"product_tag":[],"class_list":{"0":"post-2419","1":"product","2":"type-product","3":"status-publish","4":"has-post-thumbnail","6":"product_cat-skid-steer-loader-accessories","8":"first","9":"instock","10":"shipping-taxable","11":"product-type-simple"},"acf":[],"_links":{"self":[{"href":"https:\/\/smtmach.com\/fr\/wp-json\/wp\/v2\/product\/2419","targetHints":{"allow":["GET"]}}],"collection":[{"href":"https:\/\/smtmach.com\/fr\/wp-json\/wp\/v2\/product"}],"about":[{"href":"https:\/\/smtmach.com\/fr\/wp-json\/wp\/v2\/types\/product"}],"replies":[{"embeddable":true,"href":"https:\/\/smtmach.com\/fr\/wp-json\/wp\/v2\/comments?post=2419"}],"wp:featuredmedia":[{"embeddable":true,"href":"https:\/\/smtmach.com\/fr\/wp-json\/wp\/v2\/media\/2667"}],"wp:attachment":[{"href":"https:\/\/smtmach.com\/fr\/wp-json\/wp\/v2\/media?parent=2419"}],"wp:term":[{"taxonomy":"product_brand","embeddable":true,"href":"https:\/\/smtmach.com\/fr\/wp-json\/wp\/v2\/product_brand?post=2419"},{"taxonomy":"product_cat","embeddable":true,"href":"https:\/\/smtmach.com\/fr\/wp-json\/wp\/v2\/product_cat?post=2419"},{"taxonomy":"product_tag","embeddable":true,"href":"https:\/\/smtmach.com\/fr\/wp-json\/wp\/v2\/product_tag?post=2419"}],"curies":[{"name":"wp","href":"https:\/\/api.w.org\/{rel}","templated":true}]}}