{"id":2411,"date":"2025-10-11T03:42:36","date_gmt":"2025-10-11T03:42:36","guid":{"rendered":"https:\/\/smtmach.com\/?post_type=product&#038;p=2411"},"modified":"2025-11-12T06:31:44","modified_gmt":"2025-11-12T06:31:44","slug":"small-excavator-accessories-of-various-types-and-complete-range-2","status":"publish","type":"product","link":"https:\/\/smtmach.com\/fr\/produit\/small-excavator-accessories-of-various-types-and-complete-range-2\/","title":{"rendered":"Pince m\u00e8re-enfant pour mini-pelle"},"content":{"rendered":"<p>&nbsp;<\/p>\n<p><img loading=\"lazy\" decoding=\"async\" class=\"alignnone size-medium wp-image-2402\" src=\"https:\/\/smtmach.com\/wp-content\/uploads\/2025\/10\/a23_1-300x225.jpg\" alt=\"\" width=\"300\" height=\"225\" srcset=\"https:\/\/smtmach.com\/wp-content\/uploads\/2025\/10\/a23_1-300x225.jpg 300w, https:\/\/smtmach.com\/wp-content\/uploads\/2025\/10\/a23_1-768x576.jpg 768w, https:\/\/smtmach.com\/wp-content\/uploads\/2025\/10\/a23_1-16x12.jpg 16w, https:\/\/smtmach.com\/wp-content\/uploads\/2025\/10\/a23_1-600x450.jpg 600w, https:\/\/smtmach.com\/wp-content\/uploads\/2025\/10\/a23_1.jpg 800w\" sizes=\"auto, (max-width: 300px) 100vw, 300px\" \/> <img loading=\"lazy\" decoding=\"async\" class=\"alignnone size-medium wp-image-2401\" src=\"https:\/\/smtmach.com\/wp-content\/uploads\/2025\/10\/a22_1-300x225.jpg\" alt=\"\" width=\"300\" height=\"225\" srcset=\"https:\/\/smtmach.com\/wp-content\/uploads\/2025\/10\/a22_1-300x225.jpg 300w, https:\/\/smtmach.com\/wp-content\/uploads\/2025\/10\/a22_1-768x576.jpg 768w, https:\/\/smtmach.com\/wp-content\/uploads\/2025\/10\/a22_1-16x12.jpg 16w, https:\/\/smtmach.com\/wp-content\/uploads\/2025\/10\/a22_1-600x450.jpg 600w, https:\/\/smtmach.com\/wp-content\/uploads\/2025\/10\/a22_1.jpg 800w\" sizes=\"auto, (max-width: 300px) 100vw, 300px\" \/> <img loading=\"lazy\" decoding=\"async\" class=\"alignnone size-medium wp-image-2400\" src=\"https:\/\/smtmach.com\/wp-content\/uploads\/2025\/10\/a21_1-300x225.jpg\" alt=\"\" width=\"300\" height=\"225\" srcset=\"https:\/\/smtmach.com\/wp-content\/uploads\/2025\/10\/a21_1-300x225.jpg 300w, https:\/\/smtmach.com\/wp-content\/uploads\/2025\/10\/a21_1-768x576.jpg 768w, https:\/\/smtmach.com\/wp-content\/uploads\/2025\/10\/a21_1-16x12.jpg 16w, https:\/\/smtmach.com\/wp-content\/uploads\/2025\/10\/a21_1-600x450.jpg 600w, https:\/\/smtmach.com\/wp-content\/uploads\/2025\/10\/a21_1.jpg 800w\" sizes=\"auto, (max-width: 300px) 100vw, 300px\" \/> <img loading=\"lazy\" decoding=\"async\" class=\"alignnone size-medium wp-image-2399\" src=\"https:\/\/smtmach.com\/wp-content\/uploads\/2025\/10\/a20_1-300x225.jpg\" alt=\"\" width=\"300\" height=\"225\" srcset=\"https:\/\/smtmach.com\/wp-content\/uploads\/2025\/10\/a20_1-300x225.jpg 300w, https:\/\/smtmach.com\/wp-content\/uploads\/2025\/10\/a20_1-768x576.jpg 768w, https:\/\/smtmach.com\/wp-content\/uploads\/2025\/10\/a20_1-16x12.jpg 16w, https:\/\/smtmach.com\/wp-content\/uploads\/2025\/10\/a20_1-600x450.jpg 600w, https:\/\/smtmach.com\/wp-content\/uploads\/2025\/10\/a20_1.jpg 800w\" sizes=\"auto, (max-width: 300px) 100vw, 300px\" \/> <img loading=\"lazy\" decoding=\"async\" class=\"alignnone size-medium wp-image-2398\" src=\"https:\/\/smtmach.com\/wp-content\/uploads\/2025\/10\/a19_1-300x225.jpg\" alt=\"\" width=\"300\" height=\"225\" srcset=\"https:\/\/smtmach.com\/wp-content\/uploads\/2025\/10\/a19_1-300x225.jpg 300w, https:\/\/smtmach.com\/wp-content\/uploads\/2025\/10\/a19_1-768x576.jpg 768w, https:\/\/smtmach.com\/wp-content\/uploads\/2025\/10\/a19_1-16x12.jpg 16w, https:\/\/smtmach.com\/wp-content\/uploads\/2025\/10\/a19_1-600x450.jpg 600w, https:\/\/smtmach.com\/wp-content\/uploads\/2025\/10\/a19_1.jpg 800w\" sizes=\"auto, (max-width: 300px) 100vw, 300px\" \/> <img loading=\"lazy\" decoding=\"async\" class=\"alignnone size-medium wp-image-2397\" src=\"https:\/\/smtmach.com\/wp-content\/uploads\/2025\/10\/a18_1-300x225.jpg\" alt=\"\" width=\"300\" height=\"225\" srcset=\"https:\/\/smtmach.com\/wp-content\/uploads\/2025\/10\/a18_1-300x225.jpg 300w, https:\/\/smtmach.com\/wp-content\/uploads\/2025\/10\/a18_1-768x576.jpg 768w, https:\/\/smtmach.com\/wp-content\/uploads\/2025\/10\/a18_1-16x12.jpg 16w, https:\/\/smtmach.com\/wp-content\/uploads\/2025\/10\/a18_1-600x450.jpg 600w, https:\/\/smtmach.com\/wp-content\/uploads\/2025\/10\/a18_1.jpg 800w\" sizes=\"auto, (max-width: 300px) 100vw, 300px\" \/> <img loading=\"lazy\" decoding=\"async\" class=\"alignnone size-medium wp-image-2396\" src=\"https:\/\/smtmach.com\/wp-content\/uploads\/2025\/10\/a17_1-300x225.jpg\" alt=\"\" width=\"300\" height=\"225\" srcset=\"https:\/\/smtmach.com\/wp-content\/uploads\/2025\/10\/a17_1-300x225.jpg 300w, https:\/\/smtmach.com\/wp-content\/uploads\/2025\/10\/a17_1-768x576.jpg 768w, https:\/\/smtmach.com\/wp-content\/uploads\/2025\/10\/a17_1-16x12.jpg 16w, https:\/\/smtmach.com\/wp-content\/uploads\/2025\/10\/a17_1-600x450.jpg 600w, https:\/\/smtmach.com\/wp-content\/uploads\/2025\/10\/a17_1.jpg 800w\" sizes=\"auto, (max-width: 300px) 100vw, 300px\" \/> <img loading=\"lazy\" decoding=\"async\" class=\"alignnone size-medium wp-image-2395\" src=\"https:\/\/smtmach.com\/wp-content\/uploads\/2025\/10\/a16_1-300x225.jpg\" alt=\"\" width=\"300\" height=\"225\" srcset=\"https:\/\/smtmach.com\/wp-content\/uploads\/2025\/10\/a16_1-300x225.jpg 300w, https:\/\/smtmach.com\/wp-content\/uploads\/2025\/10\/a16_1-768x576.jpg 768w, https:\/\/smtmach.com\/wp-content\/uploads\/2025\/10\/a16_1-16x12.jpg 16w, https:\/\/smtmach.com\/wp-content\/uploads\/2025\/10\/a16_1-600x450.jpg 600w, https:\/\/smtmach.com\/wp-content\/uploads\/2025\/10\/a16_1.jpg 800w\" sizes=\"auto, (max-width: 300px) 100vw, 300px\" \/> <img loading=\"lazy\" decoding=\"async\" class=\"alignnone size-medium wp-image-2394\" src=\"https:\/\/smtmach.com\/wp-content\/uploads\/2025\/10\/a15_1-300x225.jpg\" alt=\"\" width=\"300\" height=\"225\" srcset=\"https:\/\/smtmach.com\/wp-content\/uploads\/2025\/10\/a15_1-300x225.jpg 300w, https:\/\/smtmach.com\/wp-content\/uploads\/2025\/10\/a15_1-768x576.jpg 768w, https:\/\/smtmach.com\/wp-content\/uploads\/2025\/10\/a15_1-16x12.jpg 16w, https:\/\/smtmach.com\/wp-content\/uploads\/2025\/10\/a15_1-600x450.jpg 600w, https:\/\/smtmach.com\/wp-content\/uploads\/2025\/10\/a15_1.jpg 800w\" sizes=\"auto, (max-width: 300px) 100vw, 300px\" \/> <img loading=\"lazy\" decoding=\"async\" class=\"alignnone size-medium wp-image-2393\" src=\"https:\/\/smtmach.com\/wp-content\/uploads\/2025\/10\/a14_1-300x225.jpg\" alt=\"\" width=\"300\" height=\"225\" srcset=\"https:\/\/smtmach.com\/wp-content\/uploads\/2025\/10\/a14_1-300x225.jpg 300w, https:\/\/smtmach.com\/wp-content\/uploads\/2025\/10\/a14_1-768x576.jpg 768w, https:\/\/smtmach.com\/wp-content\/uploads\/2025\/10\/a14_1-16x12.jpg 16w, https:\/\/smtmach.com\/wp-content\/uploads\/2025\/10\/a14_1-600x450.jpg 600w, https:\/\/smtmach.com\/wp-content\/uploads\/2025\/10\/a14_1.jpg 800w\" sizes=\"auto, (max-width: 300px) 100vw, 300px\" \/> <img loading=\"lazy\" decoding=\"async\" class=\"alignnone size-medium wp-image-2392\" src=\"https:\/\/smtmach.com\/wp-content\/uploads\/2025\/10\/a13_1-300x225.jpg\" alt=\"\" width=\"300\" height=\"225\" srcset=\"https:\/\/smtmach.com\/wp-content\/uploads\/2025\/10\/a13_1-300x225.jpg 300w, https:\/\/smtmach.com\/wp-content\/uploads\/2025\/10\/a13_1-768x576.jpg 768w, https:\/\/smtmach.com\/wp-content\/uploads\/2025\/10\/a13_1-16x12.jpg 16w, https:\/\/smtmach.com\/wp-content\/uploads\/2025\/10\/a13_1-600x450.jpg 600w, https:\/\/smtmach.com\/wp-content\/uploads\/2025\/10\/a13_1.jpg 800w\" sizes=\"auto, (max-width: 300px) 100vw, 300px\" \/> <img loading=\"lazy\" decoding=\"async\" class=\"alignnone size-medium wp-image-2391\" src=\"https:\/\/smtmach.com\/wp-content\/uploads\/2025\/10\/a12_1-300x225.jpg\" alt=\"\" width=\"300\" height=\"225\" srcset=\"https:\/\/smtmach.com\/wp-content\/uploads\/2025\/10\/a12_1-300x225.jpg 300w, https:\/\/smtmach.com\/wp-content\/uploads\/2025\/10\/a12_1-768x576.jpg 768w, https:\/\/smtmach.com\/wp-content\/uploads\/2025\/10\/a12_1-16x12.jpg 16w, https:\/\/smtmach.com\/wp-content\/uploads\/2025\/10\/a12_1-600x450.jpg 600w, https:\/\/smtmach.com\/wp-content\/uploads\/2025\/10\/a12_1.jpg 800w\" sizes=\"auto, (max-width: 300px) 100vw, 300px\" \/> <img loading=\"lazy\" decoding=\"async\" class=\"alignnone size-medium wp-image-2390\" src=\"https:\/\/smtmach.com\/wp-content\/uploads\/2025\/10\/a11_1-300x225.jpg\" alt=\"\" width=\"300\" height=\"225\" srcset=\"https:\/\/smtmach.com\/wp-content\/uploads\/2025\/10\/a11_1-300x225.jpg 300w, https:\/\/smtmach.com\/wp-content\/uploads\/2025\/10\/a11_1-768x576.jpg 768w, https:\/\/smtmach.com\/wp-content\/uploads\/2025\/10\/a11_1-16x12.jpg 16w, https:\/\/smtmach.com\/wp-content\/uploads\/2025\/10\/a11_1-600x450.jpg 600w, https:\/\/smtmach.com\/wp-content\/uploads\/2025\/10\/a11_1.jpg 800w\" sizes=\"auto, (max-width: 300px) 100vw, 300px\" \/> <img loading=\"lazy\" decoding=\"async\" class=\"alignnone size-medium wp-image-2389\" src=\"https:\/\/smtmach.com\/wp-content\/uploads\/2025\/10\/a_1-300x225.jpg\" alt=\"\" width=\"300\" height=\"225\" srcset=\"https:\/\/smtmach.com\/wp-content\/uploads\/2025\/10\/a_1-300x225.jpg 300w, https:\/\/smtmach.com\/wp-content\/uploads\/2025\/10\/a_1-768x576.jpg 768w, https:\/\/smtmach.com\/wp-content\/uploads\/2025\/10\/a_1-16x12.jpg 16w, https:\/\/smtmach.com\/wp-content\/uploads\/2025\/10\/a_1-600x450.jpg 600w, https:\/\/smtmach.com\/wp-content\/uploads\/2025\/10\/a_1.jpg 800w\" sizes=\"auto, (max-width: 300px) 100vw, 300px\" \/><\/p>","protected":false},"excerpt":{"rendered":"<p>Une usine bien \u00e9tablie avec plus de dix ans d'histoire, sp\u00e9cialis\u00e9e dans les machines de construction.<\/p>\n<p>Elle a \u00e9tabli des partenariats strat\u00e9giques avec plusieurs universit\u00e9s et est un fabricant complet int\u00e9grant la R&amp;D, la production et les ventes.<\/p>\n<p>La gamme de produits est compl\u00e8te et les accessoires sont \u00e9galement disponibles.<\/p>\n<p>Il s'agit d'un excellent fabricant pour vos besoins d'achat unique.<\/p>","protected":false},"featured_media":2405,"comment_status":"open","ping_status":"closed","template":"","meta":{"_acf_changed":false},"product_brand":[],"product_cat":[23],"product_tag":[],"class_list":{"0":"post-2411","1":"product","2":"type-product","3":"status-publish","4":"has-post-thumbnail","6":"product_cat-excavator-accessories","8":"first","9":"instock","10":"shipping-taxable","11":"product-type-simple"},"acf":[],"_links":{"self":[{"href":"https:\/\/smtmach.com\/fr\/wp-json\/wp\/v2\/product\/2411","targetHints":{"allow":["GET"]}}],"collection":[{"href":"https:\/\/smtmach.com\/fr\/wp-json\/wp\/v2\/product"}],"about":[{"href":"https:\/\/smtmach.com\/fr\/wp-json\/wp\/v2\/types\/product"}],"replies":[{"embeddable":true,"href":"https:\/\/smtmach.com\/fr\/wp-json\/wp\/v2\/comments?post=2411"}],"wp:featuredmedia":[{"embeddable":true,"href":"https:\/\/smtmach.com\/fr\/wp-json\/wp\/v2\/media\/2405"}],"wp:attachment":[{"href":"https:\/\/smtmach.com\/fr\/wp-json\/wp\/v2\/media?parent=2411"}],"wp:term":[{"taxonomy":"product_brand","embeddable":true,"href":"https:\/\/smtmach.com\/fr\/wp-json\/wp\/v2\/product_brand?post=2411"},{"taxonomy":"product_cat","embeddable":true,"href":"https:\/\/smtmach.com\/fr\/wp-json\/wp\/v2\/product_cat?post=2411"},{"taxonomy":"product_tag","embeddable":true,"href":"https:\/\/smtmach.com\/fr\/wp-json\/wp\/v2\/product_tag?post=2411"}],"curies":[{"name":"wp","href":"https:\/\/api.w.org\/{rel}","templated":true}]}}