{"id":2388,"date":"2025-10-11T06:39:35","date_gmt":"2025-10-11T06:39:35","guid":{"rendered":"https:\/\/smtmach.com\/?post_type=product&#038;p=2388"},"modified":"2025-10-18T06:54:17","modified_gmt":"2025-10-18T06:54:17","slug":"hydraulic-grab","status":"publish","type":"product","link":"https:\/\/smtmach.com\/fr\/produit\/hydraulic-grab\/","title":{"rendered":"Grappin hydraulique"},"content":{"rendered":"<p>Charge nominale : 0.8T<br \/>\nMaximum opening angle: 130\u00b0<br \/>\nLongueur : 900 mm<br \/>\nLargeur : 1016 mm<br \/>\nHauteur : 700 mm<br \/>\nPoids : 111 kg<\/p>","protected":false},"excerpt":{"rendered":"<p>Poign\u00e9e de fourche, multifonctionnelle, facile \u00e0 contr\u00f4ler : Transformez votre chargeuse compacte en une \"main m\u00e9canique\" efficace.<\/p>","protected":false},"featured_media":2668,"comment_status":"open","ping_status":"closed","template":"","meta":{"_acf_changed":false},"product_brand":[],"product_cat":[35],"product_tag":[],"class_list":{"0":"post-2388","1":"product","2":"type-product","3":"status-publish","4":"has-post-thumbnail","6":"product_cat-skid-steer-loader-accessories","8":"first","9":"instock","10":"shipping-taxable","11":"product-type-simple"},"acf":[],"_links":{"self":[{"href":"https:\/\/smtmach.com\/fr\/wp-json\/wp\/v2\/product\/2388","targetHints":{"allow":["GET"]}}],"collection":[{"href":"https:\/\/smtmach.com\/fr\/wp-json\/wp\/v2\/product"}],"about":[{"href":"https:\/\/smtmach.com\/fr\/wp-json\/wp\/v2\/types\/product"}],"replies":[{"embeddable":true,"href":"https:\/\/smtmach.com\/fr\/wp-json\/wp\/v2\/comments?post=2388"}],"wp:featuredmedia":[{"embeddable":true,"href":"https:\/\/smtmach.com\/fr\/wp-json\/wp\/v2\/media\/2668"}],"wp:attachment":[{"href":"https:\/\/smtmach.com\/fr\/wp-json\/wp\/v2\/media?parent=2388"}],"wp:term":[{"taxonomy":"product_brand","embeddable":true,"href":"https:\/\/smtmach.com\/fr\/wp-json\/wp\/v2\/product_brand?post=2388"},{"taxonomy":"product_cat","embeddable":true,"href":"https:\/\/smtmach.com\/fr\/wp-json\/wp\/v2\/product_cat?post=2388"},{"taxonomy":"product_tag","embeddable":true,"href":"https:\/\/smtmach.com\/fr\/wp-json\/wp\/v2\/product_tag?post=2388"}],"curies":[{"name":"wp","href":"https:\/\/api.w.org\/{rel}","templated":true}]}}