{"id":1258,"date":"2025-09-29T04:00:15","date_gmt":"2025-09-29T04:00:15","guid":{"rendered":"https:\/\/smtmach.com\/?post_type=product&#038;p=1258"},"modified":"2025-10-31T02:53:26","modified_gmt":"2025-10-31T02:53:26","slug":"smt-18cab-mounted-micro-excavator-mini-digger","status":"publish","type":"product","link":"https:\/\/smtmach.com\/fr\/produit\/smt-18cab-mounted-micro-excavator-mini-digger\/","title":{"rendered":"Smt-65Micro-pelle mont\u00e9e sur cabine Mini-excavatrice"},"content":{"rendered":"<p>&nbsp;<\/p>\n<p><img loading=\"lazy\" decoding=\"async\" class=\"alignnone size-medium wp-image-1133\" src=\"https:\/\/smtmach.com\/wp-content\/uploads\/2025\/09\/65\u5c0f\u63165-300x225.jpg\" alt=\"\" width=\"300\" height=\"225\" srcset=\"https:\/\/smtmach.com\/wp-content\/uploads\/2025\/09\/65\u5c0f\u63165-300x225.jpg 300w, https:\/\/smtmach.com\/wp-content\/uploads\/2025\/09\/65\u5c0f\u63165-600x450.jpg 600w, https:\/\/smtmach.com\/wp-content\/uploads\/2025\/09\/65\u5c0f\u63165-768x576.jpg 768w, https:\/\/smtmach.com\/wp-content\/uploads\/2025\/09\/65\u5c0f\u63165-16x12.jpg 16w, https:\/\/smtmach.com\/wp-content\/uploads\/2025\/09\/65\u5c0f\u63165.jpg 800w\" sizes=\"auto, (max-width: 300px) 100vw, 300px\" \/><\/p>\n<p>Volume du godet d'excavation : 0,23 m\u00b3<br \/>\nMod\u00e8le de moteur : Yanmar 494\/Yanmar<br \/>\n498\/Kubota V2607<br \/>\nPoids en ordre de marche : 6,6 tonnes<br \/>\nVolume de pouss\u00e9e\uff1a700mm<br \/>\nhauteur d'excavation\uff1a5157mm<br \/>\nVitesse de d\u00e9placement : 2.2KM\/H\uff1b4.2KM\/H<br \/>\nRated Power\uff1a36.3KW\/42.4KW\/42.5KW<br \/>\nProfondeur d'excavation\uff1a3506mm<br \/>\nCapacit\u00e9 d'escalade\uff1a35\u00b0.<br \/>\nVitesse de rotation\uff1a12rpm<br \/>\nBoom Swing Angel (G\/D) : 45\/55<\/p>","protected":false},"excerpt":{"rendered":"<p>Mini-pelle s\u00e9rie 65 : Certifi\u00e9e CE\/EPA, 3 unit\u00e9s dans un conteneur de 20 pieds pour les travaux dans les vergers, \u00e0 l'int\u00e9rieur et dans les municipalit\u00e9s.<\/p>","protected":false},"featured_media":2023,"comment_status":"open","ping_status":"closed","template":"","meta":{"_acf_changed":false},"product_brand":[],"product_cat":[21],"product_tag":[],"class_list":{"0":"post-1258","1":"product","2":"type-product","3":"status-publish","4":"has-post-thumbnail","6":"product_cat-small-excavator","8":"first","9":"instock","10":"shipping-taxable","11":"product-type-simple"},"acf":[],"_links":{"self":[{"href":"https:\/\/smtmach.com\/fr\/wp-json\/wp\/v2\/product\/1258","targetHints":{"allow":["GET"]}}],"collection":[{"href":"https:\/\/smtmach.com\/fr\/wp-json\/wp\/v2\/product"}],"about":[{"href":"https:\/\/smtmach.com\/fr\/wp-json\/wp\/v2\/types\/product"}],"replies":[{"embeddable":true,"href":"https:\/\/smtmach.com\/fr\/wp-json\/wp\/v2\/comments?post=1258"}],"wp:featuredmedia":[{"embeddable":true,"href":"https:\/\/smtmach.com\/fr\/wp-json\/wp\/v2\/media\/2023"}],"wp:attachment":[{"href":"https:\/\/smtmach.com\/fr\/wp-json\/wp\/v2\/media?parent=1258"}],"wp:term":[{"taxonomy":"product_brand","embeddable":true,"href":"https:\/\/smtmach.com\/fr\/wp-json\/wp\/v2\/product_brand?post=1258"},{"taxonomy":"product_cat","embeddable":true,"href":"https:\/\/smtmach.com\/fr\/wp-json\/wp\/v2\/product_cat?post=1258"},{"taxonomy":"product_tag","embeddable":true,"href":"https:\/\/smtmach.com\/fr\/wp-json\/wp\/v2\/product_tag?post=1258"}],"curies":[{"name":"wp","href":"https:\/\/api.w.org\/{rel}","templated":true}]}}