{"id":3477,"date":"2025-10-27T08:21:26","date_gmt":"2025-10-27T08:21:26","guid":{"rendered":"https:\/\/smtmach.com\/?post_type=product&#038;p=3477"},"modified":"2025-10-29T02:57:25","modified_gmt":"2025-10-29T02:57:25","slug":"power-head","status":"publish","type":"product","link":"https:\/\/smtmach.com\/es\/producto\/power-head\/","title":{"rendered":"Cabezal de potencia"},"content":{"rendered":"<p>Caudal del motor: 15-75 LPM<\/p>\n<p>Presi\u00f3n del motor: 170bar<\/p>\n<p>Velocidad de salida: 28-175RPM<\/p>\n<p>Par de salida:880 N.m.<\/p>\n<p>Longitud: 750 mm<\/p>\n<p>Anchura: 520 mm<\/p>\n<p>Altura: 320 mm<\/p>\n<p>Peso: 72 kg<\/p>","protected":false},"excerpt":{"rendered":"<p>El cabezal motor del implemento deslizante es una interfaz de accionamiento hidr\u00e1ulico instalada en el extremo de la pluma de la cargadora deslizante. Puede transferir la potencia del sistema hidr\u00e1ulico de la cargadora a los implementos que necesitan girar o realizar acciones espec\u00edficas, permiti\u00e9ndoles trabajar con normalidad.<\/p>","protected":false},"featured_media":3726,"comment_status":"open","ping_status":"closed","template":"","meta":{"_acf_changed":false},"product_brand":[],"product_cat":[35],"product_tag":[],"class_list":{"0":"post-3477","1":"product","2":"type-product","3":"status-publish","4":"has-post-thumbnail","6":"product_cat-skid-steer-loader-accessories","8":"first","9":"instock","10":"shipping-taxable","11":"product-type-simple"},"acf":[],"_links":{"self":[{"href":"https:\/\/smtmach.com\/es\/wp-json\/wp\/v2\/product\/3477","targetHints":{"allow":["GET"]}}],"collection":[{"href":"https:\/\/smtmach.com\/es\/wp-json\/wp\/v2\/product"}],"about":[{"href":"https:\/\/smtmach.com\/es\/wp-json\/wp\/v2\/types\/product"}],"replies":[{"embeddable":true,"href":"https:\/\/smtmach.com\/es\/wp-json\/wp\/v2\/comments?post=3477"}],"wp:featuredmedia":[{"embeddable":true,"href":"https:\/\/smtmach.com\/es\/wp-json\/wp\/v2\/media\/3726"}],"wp:attachment":[{"href":"https:\/\/smtmach.com\/es\/wp-json\/wp\/v2\/media?parent=3477"}],"wp:term":[{"taxonomy":"product_brand","embeddable":true,"href":"https:\/\/smtmach.com\/es\/wp-json\/wp\/v2\/product_brand?post=3477"},{"taxonomy":"product_cat","embeddable":true,"href":"https:\/\/smtmach.com\/es\/wp-json\/wp\/v2\/product_cat?post=3477"},{"taxonomy":"product_tag","embeddable":true,"href":"https:\/\/smtmach.com\/es\/wp-json\/wp\/v2\/product_tag?post=3477"}],"curies":[{"name":"wp","href":"https:\/\/api.w.org\/{rel}","templated":true}]}}