{"id":3270,"date":"2025-10-25T07:18:34","date_gmt":"2025-10-25T07:18:34","guid":{"rendered":"https:\/\/smtmach.com\/?post_type=product&#038;p=3270"},"modified":"2025-10-25T07:35:52","modified_gmt":"2025-10-25T07:35:52","slug":"mixing-bucket","status":"publish","type":"product","link":"https:\/\/smtmach.com\/es\/producto\/mixing-bucket\/","title":{"rendered":"Cubo mezclador"},"content":{"rendered":"<p>Dimensiones totales del dep\u00f3sito mezclador con cabezal motorizado: longitud 70CM,<br \/>\nanchura 80CM, altura :120CM,<br \/>\npeso : 96kg<br \/>\nCapacidad del dep\u00f3sito de mezcla: 160 litros<\/p>","protected":false},"excerpt":{"rendered":"<p>La cuchara mezcladora de implemento deslizante es un implemento mezclador y agitador especialmente dise\u00f1ado para cargadoras deslizantes y cargadoras de orugas multifuncionales. Se acciona mediante el sistema hidr\u00e1ulico de la cargadora y se utiliza para mezclar diversos materiales de forma r\u00e1pida y eficaz.<\/p>","protected":false},"featured_media":3271,"comment_status":"open","ping_status":"closed","template":"","meta":{"_acf_changed":false},"product_brand":[],"product_cat":[35],"product_tag":[],"class_list":{"0":"post-3270","1":"product","2":"type-product","3":"status-publish","4":"has-post-thumbnail","6":"product_cat-skid-steer-loader-accessories","8":"first","9":"instock","10":"shipping-taxable","11":"product-type-simple"},"acf":[],"_links":{"self":[{"href":"https:\/\/smtmach.com\/es\/wp-json\/wp\/v2\/product\/3270","targetHints":{"allow":["GET"]}}],"collection":[{"href":"https:\/\/smtmach.com\/es\/wp-json\/wp\/v2\/product"}],"about":[{"href":"https:\/\/smtmach.com\/es\/wp-json\/wp\/v2\/types\/product"}],"replies":[{"embeddable":true,"href":"https:\/\/smtmach.com\/es\/wp-json\/wp\/v2\/comments?post=3270"}],"wp:featuredmedia":[{"embeddable":true,"href":"https:\/\/smtmach.com\/es\/wp-json\/wp\/v2\/media\/3271"}],"wp:attachment":[{"href":"https:\/\/smtmach.com\/es\/wp-json\/wp\/v2\/media?parent=3270"}],"wp:term":[{"taxonomy":"product_brand","embeddable":true,"href":"https:\/\/smtmach.com\/es\/wp-json\/wp\/v2\/product_brand?post=3270"},{"taxonomy":"product_cat","embeddable":true,"href":"https:\/\/smtmach.com\/es\/wp-json\/wp\/v2\/product_cat?post=3270"},{"taxonomy":"product_tag","embeddable":true,"href":"https:\/\/smtmach.com\/es\/wp-json\/wp\/v2\/product_tag?post=3270"}],"curies":[{"name":"wp","href":"https:\/\/api.w.org\/{rel}","templated":true}]}}