{"id":3262,"date":"2025-10-25T07:05:26","date_gmt":"2025-10-25T07:05:26","guid":{"rendered":"https:\/\/smtmach.com\/?post_type=product&#038;p=3262"},"modified":"2025-10-25T07:05:40","modified_gmt":"2025-10-25T07:05:40","slug":"trencher","status":"publish","type":"product","link":"https:\/\/smtmach.com\/es\/producto\/trencher\/","title":{"rendered":"Zanjadora"},"content":{"rendered":"<p>Anchura del canal\u00f3n: 100 mm<br \/>\nProfundidad del canal\u00f3n: 800 mm<br \/>\nLongitud: 1724 mm<br \/>\nAnchura: 612 mm<br \/>\nAltura: 666 mm<br \/>\nPeso: 93 kg<\/p>","protected":false},"excerpt":{"rendered":"<p>La zanjadora para minicargadoras, a menudo denominada \"zanjadora para minicargadoras\" o \"zanjadora accesoria\", es un potente implemento dise\u00f1ado espec\u00edficamente para minicargadoras y cargadoras multifunci\u00f3n sobre orugas, que se utiliza para excavar zanjas estrechas y rectas en el suelo.<\/p>","protected":false},"featured_media":3263,"comment_status":"open","ping_status":"closed","template":"","meta":{"_acf_changed":false},"product_brand":[],"product_cat":[35],"product_tag":[],"class_list":{"0":"post-3262","1":"product","2":"type-product","3":"status-publish","4":"has-post-thumbnail","6":"product_cat-skid-steer-loader-accessories","8":"first","9":"instock","10":"shipping-taxable","11":"product-type-simple"},"acf":[],"_links":{"self":[{"href":"https:\/\/smtmach.com\/es\/wp-json\/wp\/v2\/product\/3262","targetHints":{"allow":["GET"]}}],"collection":[{"href":"https:\/\/smtmach.com\/es\/wp-json\/wp\/v2\/product"}],"about":[{"href":"https:\/\/smtmach.com\/es\/wp-json\/wp\/v2\/types\/product"}],"replies":[{"embeddable":true,"href":"https:\/\/smtmach.com\/es\/wp-json\/wp\/v2\/comments?post=3262"}],"wp:featuredmedia":[{"embeddable":true,"href":"https:\/\/smtmach.com\/es\/wp-json\/wp\/v2\/media\/3263"}],"wp:attachment":[{"href":"https:\/\/smtmach.com\/es\/wp-json\/wp\/v2\/media?parent=3262"}],"wp:term":[{"taxonomy":"product_brand","embeddable":true,"href":"https:\/\/smtmach.com\/es\/wp-json\/wp\/v2\/product_brand?post=3262"},{"taxonomy":"product_cat","embeddable":true,"href":"https:\/\/smtmach.com\/es\/wp-json\/wp\/v2\/product_cat?post=3262"},{"taxonomy":"product_tag","embeddable":true,"href":"https:\/\/smtmach.com\/es\/wp-json\/wp\/v2\/product_tag?post=3262"}],"curies":[{"name":"wp","href":"https:\/\/api.w.org\/{rel}","templated":true}]}}