{"id":2343,"date":"2025-10-11T03:16:43","date_gmt":"2025-10-11T03:16:43","guid":{"rendered":"https:\/\/smtmach.com\/?post_type=product&#038;p=2343"},"modified":"2025-10-18T06:59:39","modified_gmt":"2025-10-18T06:59:39","slug":"crushing-hammer","status":"publish","type":"product","link":"https:\/\/smtmach.com\/es\/producto\/crushing-hammer\/","title":{"rendered":"Martillo triturador"},"content":{"rendered":"<p>Peso: 60 kg<br \/>\nRate: 500 &#8211; 1200 bpm<br \/>\nDi\u00e1metro del cincel: 35 mm<br \/>\nSuitable weight: 0.6 &#8211; 1.5<br \/>\nWorking pressure: 80 &#8211; 110 kg\/cm\u00b2<\/p>","protected":false},"excerpt":{"rendered":"<p>Conexi\u00f3n r\u00e1pida: El martillo rompedor se integra perfectamente con el conector r\u00e1pido de la minicargadora, lo que permite sustituir el implemento en cuesti\u00f3n de minutos y transformar instant\u00e1neamente una cargadora en una trituradora.<\/p>","protected":false},"featured_media":2670,"comment_status":"open","ping_status":"closed","template":"","meta":{"_acf_changed":false},"product_brand":[],"product_cat":[35],"product_tag":[],"class_list":{"0":"post-2343","1":"product","2":"type-product","3":"status-publish","4":"has-post-thumbnail","6":"product_cat-skid-steer-loader-accessories","8":"first","9":"instock","10":"shipping-taxable","11":"product-type-simple"},"acf":[],"_links":{"self":[{"href":"https:\/\/smtmach.com\/es\/wp-json\/wp\/v2\/product\/2343","targetHints":{"allow":["GET"]}}],"collection":[{"href":"https:\/\/smtmach.com\/es\/wp-json\/wp\/v2\/product"}],"about":[{"href":"https:\/\/smtmach.com\/es\/wp-json\/wp\/v2\/types\/product"}],"replies":[{"embeddable":true,"href":"https:\/\/smtmach.com\/es\/wp-json\/wp\/v2\/comments?post=2343"}],"wp:featuredmedia":[{"embeddable":true,"href":"https:\/\/smtmach.com\/es\/wp-json\/wp\/v2\/media\/2670"}],"wp:attachment":[{"href":"https:\/\/smtmach.com\/es\/wp-json\/wp\/v2\/media?parent=2343"}],"wp:term":[{"taxonomy":"product_brand","embeddable":true,"href":"https:\/\/smtmach.com\/es\/wp-json\/wp\/v2\/product_brand?post=2343"},{"taxonomy":"product_cat","embeddable":true,"href":"https:\/\/smtmach.com\/es\/wp-json\/wp\/v2\/product_cat?post=2343"},{"taxonomy":"product_tag","embeddable":true,"href":"https:\/\/smtmach.com\/es\/wp-json\/wp\/v2\/product_tag?post=2343"}],"curies":[{"name":"wp","href":"https:\/\/api.w.org\/{rel}","templated":true}]}}