{"id":2314,"date":"2025-10-11T03:04:33","date_gmt":"2025-10-11T03:04:33","guid":{"rendered":"https:\/\/smtmach.com\/?post_type=product&#038;p=2314"},"modified":"2025-10-18T07:01:04","modified_gmt":"2025-10-18T07:01:04","slug":"spiral-drill","status":"publish","type":"product","link":"https:\/\/smtmach.com\/es\/producto\/spiral-drill\/","title":{"rendered":"Taladro espiral"},"content":{"rendered":"<p>Par de rotaci\u00f3n: 580 N.M M\u00e9todo de control: Hidr\u00e1ulico Distancia entre ejes: 85mm<br \/>\nEnvergadura: 92 mm<br \/>\nDi\u00e1metro del eje: 25 mm<br \/>\nDiameter: 150 &#8211; 300mm<br \/>\nLength: 800 &#8211; 1200mm<\/p>","protected":false},"excerpt":{"rendered":"<p>La barrena en espiral de la minicargadora es precisa y eficaz, ya que alcanza el objetivo en una sola perforaci\u00f3n. Es un accesorio esencial para mejorar la productividad.<\/p>","protected":false},"featured_media":2671,"comment_status":"open","ping_status":"closed","template":"","meta":{"_acf_changed":false},"product_brand":[],"product_cat":[35],"product_tag":[],"class_list":{"0":"post-2314","1":"product","2":"type-product","3":"status-publish","4":"has-post-thumbnail","6":"product_cat-skid-steer-loader-accessories","8":"first","9":"instock","10":"shipping-taxable","11":"product-type-simple"},"acf":[],"_links":{"self":[{"href":"https:\/\/smtmach.com\/es\/wp-json\/wp\/v2\/product\/2314","targetHints":{"allow":["GET"]}}],"collection":[{"href":"https:\/\/smtmach.com\/es\/wp-json\/wp\/v2\/product"}],"about":[{"href":"https:\/\/smtmach.com\/es\/wp-json\/wp\/v2\/types\/product"}],"replies":[{"embeddable":true,"href":"https:\/\/smtmach.com\/es\/wp-json\/wp\/v2\/comments?post=2314"}],"wp:featuredmedia":[{"embeddable":true,"href":"https:\/\/smtmach.com\/es\/wp-json\/wp\/v2\/media\/2671"}],"wp:attachment":[{"href":"https:\/\/smtmach.com\/es\/wp-json\/wp\/v2\/media?parent=2314"}],"wp:term":[{"taxonomy":"product_brand","embeddable":true,"href":"https:\/\/smtmach.com\/es\/wp-json\/wp\/v2\/product_brand?post=2314"},{"taxonomy":"product_cat","embeddable":true,"href":"https:\/\/smtmach.com\/es\/wp-json\/wp\/v2\/product_cat?post=2314"},{"taxonomy":"product_tag","embeddable":true,"href":"https:\/\/smtmach.com\/es\/wp-json\/wp\/v2\/product_tag?post=2314"}],"curies":[{"name":"wp","href":"https:\/\/api.w.org\/{rel}","templated":true}]}}